{"id":8,"date":"2020-04-17T16:09:31","date_gmt":"2020-04-17T16:09:31","guid":{"rendered":"https:\/\/raulikatajavuori.fi\/?page_id=8"},"modified":"2024-10-13T13:53:23","modified_gmt":"2024-10-13T13:53:23","slug":"etusivu","status":"publish","type":"page","link":"https:\/\/raulikatajavuori.fi\/","title":{"rendered":"Rauli Katajavuori"},"content":{"rendered":"\n<figure class=\"wp-block-image size-large\"><img loading=\"lazy\" decoding=\"async\" width=\"724\" height=\"1024\" src=\"https:\/\/raulikatajavuori.fi\/wp-content\/uploads\/2023\/03\/rauli-uusi-korjattu-1-724x1024.jpg\" alt=\"\" class=\"wp-image-234\" srcset=\"https:\/\/raulikatajavuori.fi\/wp-content\/uploads\/2023\/03\/rauli-uusi-korjattu-1-724x1024.jpg 724w, https:\/\/raulikatajavuori.fi\/wp-content\/uploads\/2023\/03\/rauli-uusi-korjattu-1-212x300.jpg 212w, https:\/\/raulikatajavuori.fi\/wp-content\/uploads\/2023\/03\/rauli-uusi-korjattu-1-768x1086.jpg 768w, https:\/\/raulikatajavuori.fi\/wp-content\/uploads\/2023\/03\/rauli-uusi-korjattu-1-1086x1536.jpg 1086w, https:\/\/raulikatajavuori.fi\/wp-content\/uploads\/2023\/03\/rauli-uusi-korjattu-1-1448x2048.jpg 1448w, https:\/\/raulikatajavuori.fi\/wp-content\/uploads\/2023\/03\/rauli-uusi-korjattu-1-scaled.jpg 1810w\" sizes=\"auto, (max-width: 724px) 100vw, 724px\" \/><\/figure>\n\n\n\n<p>Rauli Katajavuori ty\u00f6skentelee laaja-alaisesti esitt\u00e4v\u00e4n taiteen ja nykysirkuksen parissa. H\u00e4net tunnetaan omaper\u00e4isist\u00e4 ja omailmeisist\u00e4 esityksist\u00e4\u00e4n, jotka yhdist\u00e4v\u00e4t vaikutteita nykyteatterista nukketeatteriin.  Valtaosan taiteellisesta ty\u00f6st\u00e4\u00e4n Rauli Katajavuori on tehnyt Sirkus Supiainen -yhdistyksen kanssa. T\u00e4ll\u00e4 hetkell\u00e4 Rauli Katajavuori toimii Sirkus Supiaisen vuonna 2018 perustaman N\u00c4YTT\u00c4M\u00d6-teatterin teatterinjohtajana sek\u00e4 Riverian teatteriohjaamisen kansanopistokoulutuksen lehtorina. <\/p>\n\n\n\n<p><\/p>\n\n\n\n<p>&#8217;Nyt saa syytt\u00e4\u00e4 t\u00e4m\u00e4n teoksen p\u00e4\u00e4arkkitehti Rauli Katajavuorta taas yhdest\u00e4 maakuntaa el\u00e4v\u00f6itt\u00e4v\u00e4st\u00e4, merkitt\u00e4v\u00e4st\u00e4 kulttuuriteosta. &#8217; -Pasi Huttunen, Kulttuuritoimitus 12.10.2024<\/p>\n\n\n\n<p>&#8217;Syv\u00e4n kokemuksen kokeneena esit\u00e4n VAKAVAN SUOSITUKSEN kaikille. Rauli Katajavoren\u00a0YTIMESS\u00c4\u00a0ei ole ainoastaan mestarillisten sirkustaiteojen juhlaa, se on my\u00f6s sis\u00e4ll\u00f6lt\u00e4\u00e4n kaunis, syv\u00e4llinen ja \u00e4\u00e4rimm\u00e4isen t\u00e4rke\u00e4 esitys. Erityisesti n\u00e4in\u00e4 taiteen uhanalaisina aikoina, mutta my\u00f6s aina.&#8217;\u00a0-Pirkko\u00a0Kurikka, n\u00e4ytelm\u00e4kirjailija \/ \u00a0teatteriohjaaja. 2.6.2023<\/p>\n\n\n\n<p>&#8217;Kaikkineen Woyzeck on s\u00e4v\u00e4ytt\u00e4v\u00e4 teos, jollaisia harvoin p\u00e4\u00e4see katsomaan. Poikkeuksellisen l\u00e4helt\u00e4 katsottava el\u00e4v\u00e4 taide-esitys muistuttaa heti ensi hetkist\u00e4\u00e4n alkaen, miten paljon ihminen voi tuntea &#8211; niin hyv\u00e4ss\u00e4 kuin pahassakin.&#8217; -23.3.2022  Karjalan Heili, Irene Taipale<\/p>\n\n\n\n<p>&#8217;Katajavuoren Woyzeck kulkee omia polkujaan, perinteist\u00e4 piittaamatta. N\u00e4ytelm\u00e4n sovitus on omaper\u00e4inen ja yll\u00e4tt\u00e4v\u00e4, kiehtovan monitaiteinen ja ilmaisultaan estoton.&#8217; &#8211; Karjalainen 19.3.2022, Miia Hartikainen<\/p>\n\n\n\n<p>&#8217;Katajavuoren lava- ja valosuunnittelu osoittaa, ett\u00e4 vaikuttavan kokemuksen kannalta oleellista ei ole budjetti vaan kekseli\u00e4isyys.&#8217; -Karjalan Heili 5.3.2022, Irene Taipale<\/p>\n\n\n\n<p>&#8217;Rauli Katajavuoren esitys on taidetta, joka tuntuu eik\u00e4 selit\u00e4.&#8217;  -Karjalainen 5.5.2017<\/p>\n\n\n\n<p>&#8217;Rauhallinen puhe luo vastapainoa Katajavuoren duracell-pupumaiselle menolle ja kiihke\u00e4lle paasaamiselle.&#8217; &#8211; Lapin kansa 7. 11.2016<\/p>\n\n\n\n<p>&#8217;Rauli Katajavuori on aina tehnyt toisin kuin muut. &#8217; &#8211; HS 28.9.2013<\/p>\n\n\n\n<p>&#8217;Rauli Katajavuoressa on virtaa kuin patteripupussa. &#8217; &#8211; HS  12.6.2011<\/p>\n\n\n\n<p>\u201dRauli Katajavuori ei ole koskaan halunnut tehd\u00e4 sirkustaidettaan helpoimman ja ilmeisimm\u00e4n kautta. H\u00e4n kokeilee ja venyttelee rajoja \u00e4\u00e4rimmilleen..\u201d &#8211; HS 12.4.2010<\/p>\n\n\n\n<p>\u201dKatajavuori on suomalaisen kokeellisen jongleerauksen pioneereja\u201d -HS arvio 6.4.2008 <\/p>\n","protected":false},"excerpt":{"rendered":"<p>Rauli Katajavuori ty\u00f6skentelee laaja-alaisesti esitt\u00e4v\u00e4n taiteen ja nykysirkuksen parissa. H\u00e4net tunnetaan omaper\u00e4isist\u00e4 ja omailmeisist\u00e4 esityksist\u00e4\u00e4n, jotka yhdist\u00e4v\u00e4t vaikutteita nykyteatterista nukketeatteriin. Valtaosan taiteellisesta ty\u00f6st\u00e4\u00e4n Rauli Katajavuori on tehnyt Sirkus Supiainen -yhdistyksen kanssa. T\u00e4ll\u00e4 hetkell\u00e4 Rauli Katajavuori toimii Sirkus Supiaisen vuonna 2018 perustaman N\u00c4YTT\u00c4M\u00d6-teatterin teatterinjohtajana sek\u00e4 Riverian teatteriohjaamisen kansanopistokoulutuksen lehtorina. &#8217;Nyt saa syytt\u00e4\u00e4 t\u00e4m\u00e4n teoksen p\u00e4\u00e4arkkitehti Rauli &hellip; <\/p>\n<p class=\"link-more\"><a href=\"https:\/\/raulikatajavuori.fi\/\" class=\"more-link\">Jatka lukemista<span class=\"screen-reader-text\"> &#8221;Rauli Katajavuori&#8221;<\/span><\/a><\/p>\n","protected":false},"author":1,"featured_media":0,"parent":0,"menu_order":0,"comment_status":"closed","ping_status":"closed","template":"","meta":{"footnotes":""},"class_list":["post-8","page","type-page","status-publish","hentry"],"_links":{"self":[{"href":"https:\/\/raulikatajavuori.fi\/index.php\/wp-json\/wp\/v2\/pages\/8","targetHints":{"allow":["GET"]}}],"collection":[{"href":"https:\/\/raulikatajavuori.fi\/index.php\/wp-json\/wp\/v2\/pages"}],"about":[{"href":"https:\/\/raulikatajavuori.fi\/index.php\/wp-json\/wp\/v2\/types\/page"}],"author":[{"embeddable":true,"href":"https:\/\/raulikatajavuori.fi\/index.php\/wp-json\/wp\/v2\/users\/1"}],"replies":[{"embeddable":true,"href":"https:\/\/raulikatajavuori.fi\/index.php\/wp-json\/wp\/v2\/comments?post=8"}],"version-history":[{"count":19,"href":"https:\/\/raulikatajavuori.fi\/index.php\/wp-json\/wp\/v2\/pages\/8\/revisions"}],"predecessor-version":[{"id":263,"href":"https:\/\/raulikatajavuori.fi\/index.php\/wp-json\/wp\/v2\/pages\/8\/revisions\/263"}],"wp:attachment":[{"href":"https:\/\/raulikatajavuori.fi\/index.php\/wp-json\/wp\/v2\/media?parent=8"}],"curies":[{"name":"wp","href":"https:\/\/api.w.org\/{rel}","templated":true}]}}